{"id":18,"date":"2018-02-09T16:11:24","date_gmt":"2018-02-09T16:11:24","guid":{"rendered":"https:\/\/www.each2.com\/wordpress\/?page_id=18"},"modified":"2025-09-10T08:33:14","modified_gmt":"2025-09-10T08:33:14","slug":"contact","status":"publish","type":"page","link":"https:\/\/www.each2.com\/wordpress\/contact\/","title":{"rendered":"Contact"},"content":{"rendered":"\n<h2 class=\"wp-block-heading\">Email<\/h2>\n\n\n\n<p>info@each2.com<\/p>\n\n\n\n<h2 class=\"wp-block-heading continued\">Postal Address<\/h2>\n\n\n\n<p>Visitors by prior appointment only.<\/p>\n\n\n\n<p>All postal correspondence:<br>EACH2 s.r.o.<br>Hlavn\u00e1 22<br>\u0160t\u00farovo<br>943 01<br>SLOVAKIA \/ Slovensk\u00e1 republika<\/p>\n\n\n\n<p>EACH2 s.r.o. is registered as a limited company in Slovakia.<\/p>\n\n\n\n<p>Registered address:<br>EACH2 s.r.o.<br>Hlavn\u00e1 22<br>\u0160t\u00farovo<br>943 01<br>SLOVAKIA \/ Slovensk\u00e1 republika<\/p>\n","protected":false},"excerpt":{"rendered":"<p>Email info@each2.com Postal Address Visitors by prior appointment only. All postal correspondence:EACH2 s.r.o.Hlavn\u00e1 22\u0160t\u00farovo943 01SLOVAKIA \/ Slovensk\u00e1 republika EACH2 s.r.o. is registered as a limited company in Slovakia. Registered address:EACH2 s.r.o.Hlavn\u00e1 22\u0160t\u00farovo943 01SLOVAKIA \/ Slovensk\u00e1 republika<\/p>\n","protected":false},"author":1,"featured_media":13,"parent":0,"menu_order":0,"comment_status":"closed","ping_status":"closed","template":"","meta":{"footnotes":""},"class_list":["post-18","page","type-page","status-publish","has-post-thumbnail","hentry"],"_links":{"self":[{"href":"https:\/\/www.each2.com\/wordpress\/wp-json\/wp\/v2\/pages\/18","targetHints":{"allow":["GET"]}}],"collection":[{"href":"https:\/\/www.each2.com\/wordpress\/wp-json\/wp\/v2\/pages"}],"about":[{"href":"https:\/\/www.each2.com\/wordpress\/wp-json\/wp\/v2\/types\/page"}],"author":[{"embeddable":true,"href":"https:\/\/www.each2.com\/wordpress\/wp-json\/wp\/v2\/users\/1"}],"replies":[{"embeddable":true,"href":"https:\/\/www.each2.com\/wordpress\/wp-json\/wp\/v2\/comments?post=18"}],"version-history":[{"count":6,"href":"https:\/\/www.each2.com\/wordpress\/wp-json\/wp\/v2\/pages\/18\/revisions"}],"predecessor-version":[{"id":92,"href":"https:\/\/www.each2.com\/wordpress\/wp-json\/wp\/v2\/pages\/18\/revisions\/92"}],"wp:featuredmedia":[{"embeddable":true,"href":"https:\/\/www.each2.com\/wordpress\/wp-json\/wp\/v2\/media\/13"}],"wp:attachment":[{"href":"https:\/\/www.each2.com\/wordpress\/wp-json\/wp\/v2\/media?parent=18"}],"curies":[{"name":"wp","href":"https:\/\/api.w.org\/{rel}","templated":true}]}}